{"id":794,"date":"2024-02-06T00:44:00","date_gmt":"2024-02-06T00:44:00","guid":{"rendered":"https:\/\/manthatlooksgood.com\/?page_id=794"},"modified":"2024-02-06T00:44:01","modified_gmt":"2024-02-06T00:44:01","slug":"divulgation-de-laffiliation","status":"publish","type":"page","link":"https:\/\/manthatlooksgood.com\/fr\/affiliate-disclosure\/","title":{"rendered":"Divulgation de l'affiliation"},"content":{"rendered":"<p>Le site Manthatlooksgood.com peut contenir des liens d'affiliation. Si vous cliquez sur ces liens et effectuez un achat, nous pouvons percevoir une commission sans frais suppl\u00e9mentaires pour vous. Notre objectif est de fournir un contenu de valeur et des recommandations \u00e0 nos utilisateurs, et nous ne faisons la promotion que de produits ou de services dont nous pensons sinc\u00e8rement qu'ils seront int\u00e9ressants et b\u00e9n\u00e9fiques.<\/p>\n\n\n\n<p>Ces partenariats d'affiliation aident \u00e0 soutenir la maintenance et la croissance de Manthatlooksgood.com. Nous appr\u00e9cions votre soutien et tenons \u00e0 vous assurer que toutes les recommandations faites sur notre site sont bas\u00e9es sur nos propres recherches, notre exp\u00e9rience et notre conviction de la valeur qu'elles apportent.<\/p>\n\n\n\n<p>Bien que nous nous efforcions de fournir des informations exactes et \u00e0 jour, nous vous encourageons \u00e0 v\u00e9rifier les d\u00e9tails d'un produit ou d'un service directement aupr\u00e8s du fournisseur avant d'effectuer un achat.<\/p>\n\n\n\n<p>Si vous avez des questions sur nos relations d'affiliation ou si vous souhaitez obtenir de plus amples informations, veuillez nous contacter.<\/p>\n\n\n\n<p>Merci pour votre soutien !<\/p>","protected":false},"excerpt":{"rendered":"<p>Manthatlooksgood.com may contain affiliate links. If you click on these links and make a purchase, we may earn a commission at no additional cost to you. Our goal is to provide valuable content and recommendations to our users, and we only promote products or services that we genuinely believe will be of interest and benefit. [&hellip;]<\/p>\n","protected":false},"author":1,"featured_media":0,"parent":0,"menu_order":0,"comment_status":"closed","ping_status":"closed","template":"","meta":{"footnotes":""},"class_list":["post-794","page","type-page","status-publish","hentry"],"blocksy_meta":[],"_links":{"self":[{"href":"https:\/\/manthatlooksgood.com\/fr\/wp-json\/wp\/v2\/pages\/794","targetHints":{"allow":["GET"]}}],"collection":[{"href":"https:\/\/manthatlooksgood.com\/fr\/wp-json\/wp\/v2\/pages"}],"about":[{"href":"https:\/\/manthatlooksgood.com\/fr\/wp-json\/wp\/v2\/types\/page"}],"author":[{"embeddable":true,"href":"https:\/\/manthatlooksgood.com\/fr\/wp-json\/wp\/v2\/users\/1"}],"replies":[{"embeddable":true,"href":"https:\/\/manthatlooksgood.com\/fr\/wp-json\/wp\/v2\/comments?post=794"}],"version-history":[{"count":1,"href":"https:\/\/manthatlooksgood.com\/fr\/wp-json\/wp\/v2\/pages\/794\/revisions"}],"predecessor-version":[{"id":795,"href":"https:\/\/manthatlooksgood.com\/fr\/wp-json\/wp\/v2\/pages\/794\/revisions\/795"}],"wp:attachment":[{"href":"https:\/\/manthatlooksgood.com\/fr\/wp-json\/wp\/v2\/media?parent=794"}],"curies":[{"name":"wp","href":"https:\/\/api.w.org\/{rel}","templated":true}]}}