{"id":792,"date":"2024-02-06T00:42:53","date_gmt":"2024-02-06T00:42:53","guid":{"rendered":"https:\/\/manthatlooksgood.com\/?page_id=792"},"modified":"2025-06-12T12:26:12","modified_gmt":"2025-06-12T12:26:12","slug":"conditions-dutilisation","status":"publish","type":"page","link":"https:\/\/manthatlooksgood.com\/fr\/terms-of-use\/","title":{"rendered":"Conditions d'utilisation"},"content":{"rendered":"<p>En utilisant le site Manthatlooksgood.com, vous acceptez de vous conformer et d'\u00eatre li\u00e9 par les termes et conditions suivants :<\/p>\n\n\n\n<h2 class=\"wp-block-heading\"><strong>Contenu et utilisation<\/strong><\/h2>\n\n\n\n<ul class=\"wp-block-list\">\n<li>Le contenu fourni sur Manthatlooksgood.com est uniquement destin\u00e9 \u00e0 des fins d'information g\u00e9n\u00e9rale et de divertissement. Nous ne garantissons pas l'exactitude, l'exhaustivit\u00e9 ou l'ad\u00e9quation des informations contenues sur le site web \u00e0 un usage particulier.<\/li>\n\n\n\n<li>Vous reconnaissez que le contenu de Manthatlooksgood.com peut \u00eatre modifi\u00e9 sans pr\u00e9avis. Nous nous r\u00e9servons le droit de modifier, mettre \u00e0 jour ou supprimer le contenu \u00e0 notre discr\u00e9tion.<\/li>\n\n\n\n<li>L'utilisation d'informations ou de mat\u00e9riel sur le site Manthatlooksgood.com est enti\u00e8rement \u00e0 vos risques et p\u00e9rils. Il vous incombe de vous assurer que les produits, services ou informations disponibles sur ce site r\u00e9pondent \u00e0 vos besoins sp\u00e9cifiques.<\/li>\n<\/ul>\n\n\n\n<h2 class=\"wp-block-heading\"><strong>Contributions des utilisateurs<\/strong><\/h2>\n\n\n\n<ul start=\"4\" class=\"wp-block-list\">\n<li>Les utilisateurs peuvent contribuer au contenu de Manthatlooksgood.com, tel que des commentaires ou des soumissions. En soumettant du contenu, vous nous accordez le droit d'utiliser, de reproduire, de modifier, d'adapter, de publier, de traduire et de distribuer votre contenu sur n'importe quel support.<\/li>\n\n\n\n<li>Le contenu fourni par l'utilisateur ne doit pas enfreindre les lois ou r\u00e9glementations applicables. Nous nous r\u00e9servons le droit de supprimer ou de modifier tout contenu que nous jugeons inappropri\u00e9 ou contraire aux pr\u00e9sentes conditions.<\/li>\n<\/ul>\n\n\n\n<h2 class=\"wp-block-heading\"><strong>Modifications des conditions d'utilisation<\/strong><\/h2>\n\n\n\n<ul start=\"9\" class=\"wp-block-list\">\n<li>Nous pouvons r\u00e9viser ces conditions d'utilisation \u00e0 tout moment. En utilisant Manthatlooksgood.com, vous acceptez d'\u00eatre li\u00e9 par la version la plus r\u00e9cente de ces conditions.<\/li>\n<\/ul>\n\n\n\n<p>Si vous avez des questions ou des pr\u00e9occupations concernant nos conditions d'utilisation, veuillez nous contacter.<\/p>\n\n\n\n<p><em>This Site is affiliated with Monumetric (dba for The Blogger Network, LLC) for the purposes of placing advertising on the Site, and Monumetric will collect and use certain data for advertising purposes. To learn more about Monumetric\u2019s data usage, click here: <a href=\"http:\/\/www.monumetric.com\/publisher-advertising-privacy\" target=\"_blank\" rel=\"noreferrer noopener\">Publisher Advertising Privacy<\/a><\/em><\/p>","protected":false},"excerpt":{"rendered":"<p>By using Manthatlooksgood.com, you agree to comply with and be bound by the following terms and conditions: Content and Use User Contributions Changes to Terms of Use If you have any questions or concerns about our Terms of Use, please contact us. This Site is affiliated with Monumetric (dba for The Blogger Network, LLC) for [&hellip;]<\/p>\n","protected":false},"author":1,"featured_media":0,"parent":0,"menu_order":0,"comment_status":"closed","ping_status":"closed","template":"","meta":{"footnotes":""},"class_list":["post-792","page","type-page","status-publish","hentry"],"blocksy_meta":[],"_links":{"self":[{"href":"https:\/\/manthatlooksgood.com\/fr\/wp-json\/wp\/v2\/pages\/792","targetHints":{"allow":["GET"]}}],"collection":[{"href":"https:\/\/manthatlooksgood.com\/fr\/wp-json\/wp\/v2\/pages"}],"about":[{"href":"https:\/\/manthatlooksgood.com\/fr\/wp-json\/wp\/v2\/types\/page"}],"author":[{"embeddable":true,"href":"https:\/\/manthatlooksgood.com\/fr\/wp-json\/wp\/v2\/users\/1"}],"replies":[{"embeddable":true,"href":"https:\/\/manthatlooksgood.com\/fr\/wp-json\/wp\/v2\/comments?post=792"}],"version-history":[{"count":2,"href":"https:\/\/manthatlooksgood.com\/fr\/wp-json\/wp\/v2\/pages\/792\/revisions"}],"predecessor-version":[{"id":8032,"href":"https:\/\/manthatlooksgood.com\/fr\/wp-json\/wp\/v2\/pages\/792\/revisions\/8032"}],"wp:attachment":[{"href":"https:\/\/manthatlooksgood.com\/fr\/wp-json\/wp\/v2\/media?parent=792"}],"curies":[{"name":"wp","href":"https:\/\/api.w.org\/{rel}","templated":true}]}}