{"id":3,"date":"2024-02-04T19:03:10","date_gmt":"2024-02-04T19:03:10","guid":{"rendered":"https:\/\/manthatlooksgood.com\/?page_id=3"},"modified":"2025-12-16T09:32:51","modified_gmt":"2025-12-16T09:32:51","slug":"politique-de-confidentialite","status":"publish","type":"page","link":"https:\/\/manthatlooksgood.com\/fr\/privacy-policy\/","title":{"rendered":"Politique de confidentialit\u00e9"},"content":{"rendered":"<div data-elementor-type=\"wp-page\" data-elementor-id=\"3\" class=\"elementor elementor-3\">\n\t\t\t\t<div class=\"elementor-element elementor-element-64c1f44b e-flex e-con-boxed e-con e-parent\" data-id=\"64c1f44b\" data-element_type=\"container\">\n\t\t\t\t\t<div class=\"e-con-inner\">\n\t\t\t\t<div class=\"elementor-element elementor-element-3dec95d4 elementor-widget elementor-widget-text-editor\" data-id=\"3dec95d4\" data-element_type=\"widget\" data-widget_type=\"text-editor.default\">\n\t\t\t\t<div class=\"elementor-widget-container\">\n\t\t\t\t\t\t\t\t\t<h2><strong>Informations collect\u00e9es<\/strong><\/h2>\n<p><!-- \/wp:heading --><\/p>\n<p><!-- wp:paragraph --><\/p>\n<p>Nous pouvons recueillir des informations personnelles, telles que votre nom et votre adresse \u00e9lectronique, lorsque vous les soumettez volontairement sur notre site web. En outre, nous recueillons des informations non personnelles telles que le type de navigateur, l'adresse IP et les pages visit\u00e9es \u00e0 des fins d'analyse.<\/p>\n<p><!-- \/wp:paragraph --><\/p>\n<p><!-- wp:heading --><\/p>\n<h2><strong>Comment nous utilisons vos informations<\/strong><\/h2>\n<p><!-- \/wp:heading --><\/p>\n<p><!-- wp:paragraph --><\/p>\n<p>Nous utilisons les informations que vous nous fournissez pour am\u00e9liorer votre exp\u00e9rience sur notre site, personnaliser le contenu et am\u00e9liorer nos services. Vos donn\u00e9es peuvent \u00e9galement \u00eatre utilis\u00e9es pour envoyer des courriels p\u00e9riodiques concernant des mises \u00e0 jour, des promotions ou d'autres informations pertinentes. Vous pouvez vous d\u00e9sabonner de ces communications \u00e0 tout moment.<\/p>\n<p><!-- \/wp:paragraph --><\/p>\n<p><!-- wp:heading --><\/p>\n<h2><strong>Cookies et tra\u00e7age<\/strong><\/h2>\n<p><!-- \/wp:heading --><\/p>\n<p><!-- wp:paragraph --><\/p>\n<p>Nous utilisons des cookies pour am\u00e9liorer l'exp\u00e9rience des utilisateurs et collecter des donn\u00e9es sur le trafic du site. Les cookies sont de petits fichiers stock\u00e9s sur votre appareil qui nous aident \u00e0 analyser le trafic web ou \u00e0 vous reconna\u00eetre lorsque vous visitez notre site. Vous pouvez choisir d'accepter ou de refuser les cookies par le biais des param\u00e8tres de votre navigateur.&nbsp;<br>Google Analytics est utilis\u00e9 pour am\u00e9liorer le contenu du site web pour des publics sp\u00e9cifiques. Pour en savoir plus sur les r\u00e8gles de Google, veuillez suivre le lien. <a href=\"https:\/\/policies.google.com\/privacy\" target=\"_blank\" rel=\"noopener\">https:\/\/policies.google.com\/privacy<\/a><\/p>\n<p><!-- \/wp:paragraph --><\/p>\n<p><!-- wp:paragraph {\"fontSize\":\"large\"} --><\/p>\n<h2><strong>Advertising &#8211; Ezoic Services<\/strong><\/h2>\n<div>\n<div>This website uses the services of Ezoic Inc. (\u201cEzoic\u201d), including to manage third-party interest-based advertising. Ezoic may employ a variety of technologies on this website, including tools to serve content, display advertisements and enable advertising to visitors of this website, which may utilize first and third-party cookies.<\/div>\n<div>A cookie is a small text file sent to your device by a web server that enables the website to remember information about your browsing activity. First-party cookies are created by the site you are visiting, while third-party cookies are set by domains other than the one you&#8217;re visiting. Ezoic and our partners may place third-party cookies, tags, beacons, pixels, and similar technologies to monitor interactions with advertisements and optimize ad targeting. Please note that disabling cookies may limit access to certain content and features on the website, and rejecting cookies does not eliminate advertisements but will result in non-personalized advertising. You can find more information about cookies and how to manage them <a href=\"https:\/\/allaboutcookies.org\/\" target=\"_blank\" rel=\"noopener\">here<\/a>.<\/div>\n<div>The following information may be collected, used, and stored in a cookie when serving personalized ads:<\/div>\n<div><br><\/div>\n<div>IP address<\/div>\n<div>\n<ul>\n<li>Operating system type and version<\/li>\n<li>Device type<\/li>\n<li>Language preferences<\/li>\n<li>Web browser type<\/li>\n<li>Email (in a hashed or encrypted form)<\/li>\n<\/ul>\n<div><br><\/div>\n<\/div>\n<div>Ezoic and its partners may use this data in combination with information that has been independently collected to deliver targeted advertisements across various platforms and websites. Ezoic\u2019s partners may also gather additional data, such as unique IDs, advertising IDs, geolocation data, usage data, device information, traffic data, referral sources, and interactions between users and websites or advertisements, to create audience segments for targeted advertising across different devices, browsers, and apps. You can find more information about interest-based advertising and how to manage them <a href=\"https:\/\/youradchoices.com\/\" target=\"_blank\" rel=\"noopener\">here<\/a>.<\/div>\n<div>You can view Ezoic\u2019s privacy policy <a href=\"https:\/\/ezoic.com\/privacy\/\" target=\"_blank\" rel=\"noopener\">here<\/a>, or for additional information about Ezoic\u2019s advertising and other partners, you can view Ezoic\u2019s advertising partners <a href=\"https:\/\/www.ezoic.com\/privacy-policy\/advertising-partners\/\" target=\"_blank\" rel=\"noopener\">here<\/a>.<\/div>\n<\/div>\n<p><!-- \/wp:paragraph --><\/p>\n<p><!-- wp:paragraph --><\/p>\n<p><\/p>\n<p><!-- \/wp:paragraph --><\/p>\n<p><!-- wp:heading --><\/p>\n<h2><strong>Liens avec des tiers<\/strong><\/h2>\n<p><!-- \/wp:heading --><\/p>\n<p><!-- wp:paragraph --><\/p>\n<p>Notre site web peut contenir des liens vers des sites de tiers. Nous ne sommes pas responsables des pratiques de ces sites externes en mati\u00e8re de protection de la vie priv\u00e9e. Nous encourageons les utilisateurs \u00e0 consulter les politiques de confidentialit\u00e9 de ces sites web pour bien les comprendre.<\/p>\n<p><!-- \/wp:paragraph --><\/p>\n<p><!-- wp:heading --><\/p>\n<h2><strong>S\u00e9curit\u00e9 des donn\u00e9es<\/strong><\/h2>\n<p><!-- \/wp:heading --><\/p>\n<p><!-- wp:paragraph --><\/p>\n<p>Nous mettons en \u0153uvre des mesures de s\u00e9curit\u00e9 pour prot\u00e9ger vos informations personnelles contre tout acc\u00e8s ou toute divulgation non autoris\u00e9s. Toutefois, aucune transmission ou stockage de donn\u00e9es en ligne n'est enti\u00e8rement s\u00e9curis\u00e9 et nous ne pouvons pas garantir une s\u00e9curit\u00e9 absolue.<\/p>\n<p><!-- \/wp:paragraph --><\/p>\n<p><!-- wp:heading --><\/p>\n<h2><strong>Mises \u00e0 jour de la politique de confidentialit\u00e9<\/strong><\/h2>\n<p><!-- \/wp:heading --><\/p>\n<p><!-- wp:paragraph --><\/p>\n<p>Nous nous r\u00e9servons le droit de mettre \u00e0 jour p\u00e9riodiquement la pr\u00e9sente politique de confidentialit\u00e9. Toute modification sera publi\u00e9e sur cette page et il vous incombe de consulter la politique pour rester inform\u00e9 de la mani\u00e8re dont nous prot\u00e9geons vos donn\u00e9es.<\/p>\n<p><!-- \/wp:paragraph --><\/p>\n<p><!-- wp:paragraph --><\/p>\n<p>En utilisant le site Manthatlooksgood.com, vous acceptez les conditions \u00e9nonc\u00e9es dans la pr\u00e9sente politique de confidentialit\u00e9.<\/p>\n<p><!-- \/wp:paragraph --><\/p>\n<p><!-- wp:paragraph --><\/p>\n<p>Si vous avez des questions ou des pr\u00e9occupations concernant notre politique de protection de la vie priv\u00e9e, veuillez nous contacter.<\/p>\n<p><!-- \/wp:paragraph --><\/p>\t\t\t\t\t\t\t\t<\/div>\n\t\t\t\t<\/div>\n\t\t\t\t\t<\/div>\n\t\t\t\t<\/div>\n\t\t\t\t<\/div>","protected":false},"excerpt":{"rendered":"<p>Information We Collect We may collect personal information, such as your name and email address, when you voluntarily submit it through our website. Additionally, we gather non-personal information like browser type, IP address, and pages visited for analytical purposes. How We Use Your Information We use the information you provide to enhance your experience on [&hellip;]<\/p>\n","protected":false},"author":1,"featured_media":0,"parent":0,"menu_order":0,"comment_status":"closed","ping_status":"open","template":"","meta":{"footnotes":""},"class_list":["post-3","page","type-page","status-publish","hentry"],"blocksy_meta":[],"_links":{"self":[{"href":"https:\/\/manthatlooksgood.com\/fr\/wp-json\/wp\/v2\/pages\/3","targetHints":{"allow":["GET"]}}],"collection":[{"href":"https:\/\/manthatlooksgood.com\/fr\/wp-json\/wp\/v2\/pages"}],"about":[{"href":"https:\/\/manthatlooksgood.com\/fr\/wp-json\/wp\/v2\/types\/page"}],"author":[{"embeddable":true,"href":"https:\/\/manthatlooksgood.com\/fr\/wp-json\/wp\/v2\/users\/1"}],"replies":[{"embeddable":true,"href":"https:\/\/manthatlooksgood.com\/fr\/wp-json\/wp\/v2\/comments?post=3"}],"version-history":[{"count":20,"href":"https:\/\/manthatlooksgood.com\/fr\/wp-json\/wp\/v2\/pages\/3\/revisions"}],"predecessor-version":[{"id":8080,"href":"https:\/\/manthatlooksgood.com\/fr\/wp-json\/wp\/v2\/pages\/3\/revisions\/8080"}],"wp:attachment":[{"href":"https:\/\/manthatlooksgood.com\/fr\/wp-json\/wp\/v2\/media?parent=3"}],"curies":[{"name":"wp","href":"https:\/\/api.w.org\/{rel}","templated":true}]}}