{"id":794,"date":"2024-02-06T00:44:00","date_gmt":"2024-02-06T00:44:00","guid":{"rendered":"https:\/\/manthatlooksgood.com\/?page_id=794"},"modified":"2024-02-06T00:44:01","modified_gmt":"2024-02-06T00:44:01","slug":"declaracion-de-afiliacion","status":"publish","type":"page","link":"https:\/\/manthatlooksgood.com\/es\/affiliate-disclosure\/","title":{"rendered":"Declaraci\u00f3n de afiliaci\u00f3n"},"content":{"rendered":"<p>Manthatlooksgood.com puede contener enlaces de afiliados. Si hace clic en estos enlaces y realiza una compra, podemos ganar una comisi\u00f3n sin coste adicional para usted. Nuestro objetivo es proporcionar contenido valioso y recomendaciones a nuestros usuarios, y s\u00f3lo promovemos productos o servicios que realmente creemos que ser\u00e1n de inter\u00e9s y beneficio.<\/p>\n\n\n\n<p>Estas asociaciones de afiliados ayudan a apoyar el mantenimiento y el crecimiento de Manthatlooksgood.com. Agradecemos su apoyo y queremos asegurarle que cualquier recomendaci\u00f3n hecha en nuestro sitio se basa en nuestra propia investigaci\u00f3n, experiencia y creencia en el valor que proporcionan.<\/p>\n\n\n\n<p>Aunque nos esforzamos por ofrecer informaci\u00f3n precisa y actualizada, le recomendamos que verifique los detalles de cualquier producto o servicio directamente con el proveedor antes de realizar una compra.<\/p>\n\n\n\n<p>Si tiene alguna pregunta sobre nuestras relaciones de afiliaci\u00f3n o si desea m\u00e1s informaci\u00f3n, p\u00f3ngase en contacto con nosotros.<\/p>\n\n\n\n<p>Gracias por su apoyo.<\/p>","protected":false},"excerpt":{"rendered":"<p>Manthatlooksgood.com may contain affiliate links. If you click on these links and make a purchase, we may earn a commission at no additional cost to you. Our goal is to provide valuable content and recommendations to our users, and we only promote products or services that we genuinely believe will be of interest and benefit. [&hellip;]<\/p>\n","protected":false},"author":1,"featured_media":0,"parent":0,"menu_order":0,"comment_status":"closed","ping_status":"closed","template":"","meta":{"footnotes":""},"class_list":["post-794","page","type-page","status-publish","hentry"],"blocksy_meta":[],"_links":{"self":[{"href":"https:\/\/manthatlooksgood.com\/es\/wp-json\/wp\/v2\/pages\/794","targetHints":{"allow":["GET"]}}],"collection":[{"href":"https:\/\/manthatlooksgood.com\/es\/wp-json\/wp\/v2\/pages"}],"about":[{"href":"https:\/\/manthatlooksgood.com\/es\/wp-json\/wp\/v2\/types\/page"}],"author":[{"embeddable":true,"href":"https:\/\/manthatlooksgood.com\/es\/wp-json\/wp\/v2\/users\/1"}],"replies":[{"embeddable":true,"href":"https:\/\/manthatlooksgood.com\/es\/wp-json\/wp\/v2\/comments?post=794"}],"version-history":[{"count":1,"href":"https:\/\/manthatlooksgood.com\/es\/wp-json\/wp\/v2\/pages\/794\/revisions"}],"predecessor-version":[{"id":795,"href":"https:\/\/manthatlooksgood.com\/es\/wp-json\/wp\/v2\/pages\/794\/revisions\/795"}],"wp:attachment":[{"href":"https:\/\/manthatlooksgood.com\/es\/wp-json\/wp\/v2\/media?parent=794"}],"curies":[{"name":"wp","href":"https:\/\/api.w.org\/{rel}","templated":true}]}}