{"id":792,"date":"2024-02-06T00:42:53","date_gmt":"2024-02-06T00:42:53","guid":{"rendered":"https:\/\/manthatlooksgood.com\/?page_id=792"},"modified":"2025-06-12T12:26:12","modified_gmt":"2025-06-12T12:26:12","slug":"condiciones-de-uso","status":"publish","type":"page","link":"https:\/\/manthatlooksgood.com\/es\/terms-of-use\/","title":{"rendered":"Condiciones de uso"},"content":{"rendered":"<p>Al utilizar Manthatlooksgood.com, usted acepta cumplir y quedar vinculado por los siguientes t\u00e9rminos y condiciones:<\/p>\n\n\n\n<h2 class=\"wp-block-heading\"><strong>Contenido y uso<\/strong><\/h2>\n\n\n\n<ul class=\"wp-block-list\">\n<li>El contenido proporcionado en Manthatlooksgood.com es s\u00f3lo para fines de informaci\u00f3n general y entretenimiento. No garantizamos la exactitud, integridad o idoneidad de la informaci\u00f3n del sitio web para ning\u00fan fin concreto.<\/li>\n\n\n\n<li>Usted reconoce que el contenido de Manthatlooksgood.com puede estar sujeto a cambios sin previo aviso. Nos reservamos el derecho a modificar, actualizar o eliminar contenidos a nuestra discreci\u00f3n.<\/li>\n\n\n\n<li>El uso que usted haga de cualquier informaci\u00f3n o material de Manthatlooksgood.com corre enteramente por su cuenta y riesgo. Es su responsabilidad asegurarse de que cualquier producto, servicio o informaci\u00f3n disponible a trav\u00e9s de este sitio web satisface sus necesidades espec\u00edficas.<\/li>\n<\/ul>\n\n\n\n<h2 class=\"wp-block-heading\"><strong>Contribuciones de los usuarios<\/strong><\/h2>\n\n\n\n<ul start=\"4\" class=\"wp-block-list\">\n<li>Los usuarios pueden aportar contenidos a Manthatlooksgood.com, como comentarios o env\u00edos. Al enviar contenido, nos concede el derecho a utilizar, reproducir, modificar, adaptar, publicar, traducir y distribuir su contenido en cualquier medio.<\/li>\n\n\n\n<li>Los contenidos aportados por los usuarios no deben infringir ninguna ley o normativa aplicable. Nos reservamos el derecho a eliminar o modificar cualquier contenido que consideremos inapropiado o que infrinja estas condiciones.<\/li>\n<\/ul>\n\n\n\n<h2 class=\"wp-block-heading\"><strong>Cambios en las condiciones de uso<\/strong><\/h2>\n\n\n\n<ul start=\"9\" class=\"wp-block-list\">\n<li>Podemos revisar estas condiciones de uso en cualquier momento. Al utilizar Manthatlooksgood.com, usted acepta quedar vinculado por la versi\u00f3n vigente de estos t\u00e9rminos.<\/li>\n<\/ul>\n\n\n\n<p>Si tiene alguna pregunta o duda sobre nuestras Condiciones de uso, p\u00f3ngase en contacto con nosotros.<\/p>\n\n\n\n<p><em>This Site is affiliated with Monumetric (dba for The Blogger Network, LLC) for the purposes of placing advertising on the Site, and Monumetric will collect and use certain data for advertising purposes. To learn more about Monumetric\u2019s data usage, click here: <a href=\"http:\/\/www.monumetric.com\/publisher-advertising-privacy\" target=\"_blank\" rel=\"noreferrer noopener\">Publisher Advertising Privacy<\/a><\/em><\/p>","protected":false},"excerpt":{"rendered":"<p>By using Manthatlooksgood.com, you agree to comply with and be bound by the following terms and conditions: Content and Use User Contributions Changes to Terms of Use If you have any questions or concerns about our Terms of Use, please contact us. This Site is affiliated with Monumetric (dba for The Blogger Network, LLC) for [&hellip;]<\/p>\n","protected":false},"author":1,"featured_media":0,"parent":0,"menu_order":0,"comment_status":"closed","ping_status":"closed","template":"","meta":{"footnotes":""},"class_list":["post-792","page","type-page","status-publish","hentry"],"blocksy_meta":[],"_links":{"self":[{"href":"https:\/\/manthatlooksgood.com\/es\/wp-json\/wp\/v2\/pages\/792","targetHints":{"allow":["GET"]}}],"collection":[{"href":"https:\/\/manthatlooksgood.com\/es\/wp-json\/wp\/v2\/pages"}],"about":[{"href":"https:\/\/manthatlooksgood.com\/es\/wp-json\/wp\/v2\/types\/page"}],"author":[{"embeddable":true,"href":"https:\/\/manthatlooksgood.com\/es\/wp-json\/wp\/v2\/users\/1"}],"replies":[{"embeddable":true,"href":"https:\/\/manthatlooksgood.com\/es\/wp-json\/wp\/v2\/comments?post=792"}],"version-history":[{"count":2,"href":"https:\/\/manthatlooksgood.com\/es\/wp-json\/wp\/v2\/pages\/792\/revisions"}],"predecessor-version":[{"id":8032,"href":"https:\/\/manthatlooksgood.com\/es\/wp-json\/wp\/v2\/pages\/792\/revisions\/8032"}],"wp:attachment":[{"href":"https:\/\/manthatlooksgood.com\/es\/wp-json\/wp\/v2\/media?parent=792"}],"curies":[{"name":"wp","href":"https:\/\/api.w.org\/{rel}","templated":true}]}}