{"id":3,"date":"2024-02-04T19:03:10","date_gmt":"2024-02-04T19:03:10","guid":{"rendered":"https:\/\/manthatlooksgood.com\/?page_id=3"},"modified":"2025-12-16T09:32:51","modified_gmt":"2025-12-16T09:32:51","slug":"politica-de-privacidad","status":"publish","type":"page","link":"https:\/\/manthatlooksgood.com\/es\/privacy-policy\/","title":{"rendered":"Pol\u00edtica de privacidad"},"content":{"rendered":"<div data-elementor-type=\"wp-page\" data-elementor-id=\"3\" class=\"elementor elementor-3\">\n\t\t\t\t<div class=\"elementor-element elementor-element-64c1f44b e-flex e-con-boxed e-con e-parent\" data-id=\"64c1f44b\" data-element_type=\"container\">\n\t\t\t\t\t<div class=\"e-con-inner\">\n\t\t\t\t<div class=\"elementor-element elementor-element-3dec95d4 elementor-widget elementor-widget-text-editor\" data-id=\"3dec95d4\" data-element_type=\"widget\" data-widget_type=\"text-editor.default\">\n\t\t\t\t<div class=\"elementor-widget-container\">\n\t\t\t\t\t\t\t\t\t<h2><strong>Informaci\u00f3n que recopilamos<\/strong><\/h2>\n<p><!-- \/wp:heading --><\/p>\n<p><!-- wp:paragraph --><\/p>\n<p>Podemos recopilar informaci\u00f3n personal, como su nombre y direcci\u00f3n de correo electr\u00f3nico, cuando usted la env\u00eda voluntariamente a trav\u00e9s de nuestro sitio web. Adem\u00e1s, recopilamos informaci\u00f3n no personal como el tipo de navegador, la direcci\u00f3n IP y las p\u00e1ginas visitadas con fines anal\u00edticos.<\/p>\n<p><!-- \/wp:paragraph --><\/p>\n<p><!-- wp:heading --><\/p>\n<h2><strong>C\u00f3mo utilizamos su informaci\u00f3n<\/strong><\/h2>\n<p><!-- \/wp:heading --><\/p>\n<p><!-- wp:paragraph --><\/p>\n<p>Utilizamos la informaci\u00f3n que nos proporciona para mejorar su experiencia en nuestro sitio, personalizar los contenidos y mejorar nuestros servicios. Sus datos tambi\u00e9n pueden utilizarse para enviarle correos electr\u00f3nicos peri\u00f3dicos sobre actualizaciones, promociones u otra informaci\u00f3n relevante. Puede darse de baja de estas comunicaciones en cualquier momento.<\/p>\n<p><!-- \/wp:paragraph --><\/p>\n<p><!-- wp:heading --><\/p>\n<h2><strong>Cookies y rastreo<\/strong><\/h2>\n<p><!-- \/wp:heading --><\/p>\n<p><!-- wp:paragraph --><\/p>\n<p>Utilizamos cookies para mejorar la experiencia del usuario y recopilar datos sobre el tr\u00e1fico del sitio. Las cookies son peque\u00f1os archivos almacenados en su dispositivo que nos ayudan a analizar el tr\u00e1fico web o a reconocer cu\u00e1ndo visita nuestro sitio. Puede elegir aceptar o rechazar las cookies a trav\u00e9s de la configuraci\u00f3n de su navegador.&nbsp;<br>Google Analytics se utiliza para mejorar el contenido del sitio web para audiencias espec\u00edficas. Para obtener m\u00e1s informaci\u00f3n sobre las pol\u00edticas de Google, siga el enlace. <a href=\"https:\/\/policies.google.com\/privacy\" target=\"_blank\" rel=\"noopener\">https:\/\/policies.google.com\/privacy<\/a><\/p>\n<p><!-- \/wp:paragraph --><\/p>\n<p><!-- wp:paragraph {\"fontSize\":\"large\"} --><\/p>\n<h2><strong>Advertising &#8211; Ezoic Services<\/strong><\/h2>\n<div>\n<div>This website uses the services of Ezoic Inc. (\u201cEzoic\u201d), including to manage third-party interest-based advertising. Ezoic may employ a variety of technologies on this website, including tools to serve content, display advertisements and enable advertising to visitors of this website, which may utilize first and third-party cookies.<\/div>\n<div>A cookie is a small text file sent to your device by a web server that enables the website to remember information about your browsing activity. First-party cookies are created by the site you are visiting, while third-party cookies are set by domains other than the one you&#8217;re visiting. Ezoic and our partners may place third-party cookies, tags, beacons, pixels, and similar technologies to monitor interactions with advertisements and optimize ad targeting. Please note that disabling cookies may limit access to certain content and features on the website, and rejecting cookies does not eliminate advertisements but will result in non-personalized advertising. You can find more information about cookies and how to manage them <a href=\"https:\/\/allaboutcookies.org\/\" target=\"_blank\" rel=\"noopener\">here<\/a>.<\/div>\n<div>The following information may be collected, used, and stored in a cookie when serving personalized ads:<\/div>\n<div><br><\/div>\n<div>IP address<\/div>\n<div>\n<ul>\n<li>Operating system type and version<\/li>\n<li>Device type<\/li>\n<li>Language preferences<\/li>\n<li>Web browser type<\/li>\n<li>Email (in a hashed or encrypted form)<\/li>\n<\/ul>\n<div><br><\/div>\n<\/div>\n<div>Ezoic and its partners may use this data in combination with information that has been independently collected to deliver targeted advertisements across various platforms and websites. Ezoic\u2019s partners may also gather additional data, such as unique IDs, advertising IDs, geolocation data, usage data, device information, traffic data, referral sources, and interactions between users and websites or advertisements, to create audience segments for targeted advertising across different devices, browsers, and apps. You can find more information about interest-based advertising and how to manage them <a href=\"https:\/\/youradchoices.com\/\" target=\"_blank\" rel=\"noopener\">here<\/a>.<\/div>\n<div>You can view Ezoic\u2019s privacy policy <a href=\"https:\/\/ezoic.com\/privacy\/\" target=\"_blank\" rel=\"noopener\">here<\/a>, or for additional information about Ezoic\u2019s advertising and other partners, you can view Ezoic\u2019s advertising partners <a href=\"https:\/\/www.ezoic.com\/privacy-policy\/advertising-partners\/\" target=\"_blank\" rel=\"noopener\">here<\/a>.<\/div>\n<\/div>\n<p><!-- \/wp:paragraph --><\/p>\n<p><!-- wp:paragraph --><\/p>\n<p><\/p>\n<p><!-- \/wp:paragraph --><\/p>\n<p><!-- wp:heading --><\/p>\n<h2><strong>Enlaces de terceros<\/strong><\/h2>\n<p><!-- \/wp:heading --><\/p>\n<p><!-- wp:paragraph --><\/p>\n<p>Nuestro sitio web puede contener enlaces a sitios de terceros. Tenga en cuenta que no somos responsables de las pr\u00e1cticas de privacidad de estos sitios externos. Animamos a los usuarios a revisar las pol\u00edticas de privacidad de estos sitios web para una comprensi\u00f3n completa.<\/p>\n<p><!-- \/wp:paragraph --><\/p>\n<p><!-- wp:heading --><\/p>\n<h2><strong>Seguridad de los datos<\/strong><\/h2>\n<p><!-- \/wp:heading --><\/p>\n<p><!-- wp:paragraph --><\/p>\n<p>Aplicamos medidas de seguridad para proteger sus datos personales contra el acceso o la divulgaci\u00f3n no autorizados. Sin embargo, ninguna transmisi\u00f3n o almacenamiento de datos en l\u00ednea es totalmente seguro, por lo que no podemos garantizar una seguridad absoluta.<\/p>\n<p><!-- \/wp:paragraph --><\/p>\n<p><!-- wp:heading --><\/p>\n<h2><strong>Actualizaciones de la pol\u00edtica de privacidad<\/strong><\/h2>\n<p><!-- \/wp:heading --><\/p>\n<p><!-- wp:paragraph --><\/p>\n<p>Nos reservamos el derecho de actualizar peri\u00f3dicamente esta Pol\u00edtica de Privacidad. Cualquier cambio se publicar\u00e1 en esta p\u00e1gina, y es su responsabilidad revisar la pol\u00edtica para mantenerse informado sobre c\u00f3mo protegemos sus datos.<\/p>\n<p><!-- \/wp:paragraph --><\/p>\n<p><!-- wp:paragraph --><\/p>\n<p>Al utilizar Manthatlooksgood.com, usted acepta los t\u00e9rminos descritos en esta Pol\u00edtica de Privacidad.<\/p>\n<p><!-- \/wp:paragraph --><\/p>\n<p><!-- wp:paragraph --><\/p>\n<p>Si tiene alguna pregunta o duda sobre nuestra Pol\u00edtica de privacidad, p\u00f3ngase en contacto con nosotros.<\/p>\n<p><!-- \/wp:paragraph --><\/p>\t\t\t\t\t\t\t\t<\/div>\n\t\t\t\t<\/div>\n\t\t\t\t\t<\/div>\n\t\t\t\t<\/div>\n\t\t\t\t<\/div>","protected":false},"excerpt":{"rendered":"<p>Information We Collect We may collect personal information, such as your name and email address, when you voluntarily submit it through our website. Additionally, we gather non-personal information like browser type, IP address, and pages visited for analytical purposes. How We Use Your Information We use the information you provide to enhance your experience on [&hellip;]<\/p>\n","protected":false},"author":1,"featured_media":0,"parent":0,"menu_order":0,"comment_status":"closed","ping_status":"open","template":"","meta":{"footnotes":""},"class_list":["post-3","page","type-page","status-publish","hentry"],"blocksy_meta":[],"_links":{"self":[{"href":"https:\/\/manthatlooksgood.com\/es\/wp-json\/wp\/v2\/pages\/3","targetHints":{"allow":["GET"]}}],"collection":[{"href":"https:\/\/manthatlooksgood.com\/es\/wp-json\/wp\/v2\/pages"}],"about":[{"href":"https:\/\/manthatlooksgood.com\/es\/wp-json\/wp\/v2\/types\/page"}],"author":[{"embeddable":true,"href":"https:\/\/manthatlooksgood.com\/es\/wp-json\/wp\/v2\/users\/1"}],"replies":[{"embeddable":true,"href":"https:\/\/manthatlooksgood.com\/es\/wp-json\/wp\/v2\/comments?post=3"}],"version-history":[{"count":20,"href":"https:\/\/manthatlooksgood.com\/es\/wp-json\/wp\/v2\/pages\/3\/revisions"}],"predecessor-version":[{"id":8080,"href":"https:\/\/manthatlooksgood.com\/es\/wp-json\/wp\/v2\/pages\/3\/revisions\/8080"}],"wp:attachment":[{"href":"https:\/\/manthatlooksgood.com\/es\/wp-json\/wp\/v2\/media?parent=3"}],"curies":[{"name":"wp","href":"https:\/\/api.w.org\/{rel}","templated":true}]}}